{"id":47,"date":"2018-07-14T19:10:36","date_gmt":"2018-07-14T17:10:36","guid":{"rendered":"http:\/\/wild-wuchs.com\/?page_id=47"},"modified":"2023-01-18T14:34:10","modified_gmt":"2023-01-18T13:34:10","slug":"kontakt","status":"publish","type":"page","link":"https:\/\/wild-wuchs.com\/?page_id=47","title":{"rendered":"Kontakt"},"content":{"rendered":"\n<div class=\"wp-block-cover alignfull has-parallax\" style=\"min-height:285px\"><span aria-hidden=\"true\" class=\"wp-block-cover__background has-background-dim-0 has-background-dim\"><\/span><div role=\"img\" class=\"wp-block-cover__image-background wp-image-133 has-parallax\" style=\"background-position:50% 50%;background-image:url(https:\/\/wild-wuchs.com\/wp-content\/uploads\/2023\/01\/dont-show-humans-illustration-of-welcome-to-kiekebu-my-label-for-handmade-and-custom-made-product-545963962.png)\"><\/div><div class=\"wp-block-cover__inner-container\">\n<p class=\"has-text-align-center has-huge-font-size\" style=\"font-style:normal;font-weight:700\"><strong>Individuelle Beratung auf Anfrage<\/strong><\/p>\n<\/div><\/div>\n\n\n\n<p><\/p>\n\n\n\n<p><\/p>\n\n\n\n<p class=\"has-text-align-center\" style=\"font-size:18px\">Ich freue mich, von dir zu h\u00f6ren und stehe dir gerne f\u00fcr Fragen, Anregungen oder Anpassungsw\u00fcnsche zur Verf\u00fcgung. Als Ma\u00dfschneiderin und Gr\u00fcnderin von Kiekebu lege ich gro\u00dfen Wert auf individuelle Beratung und m\u00f6chte sicherstellen, dass du mit deinem Kauf zufrieden bist und dein Baby oder Kind gl\u00fccklich ist.<\/p>\n\n\n\n<p class=\"has-text-align-center\" style=\"font-size:18px\">Verwende einfach das Kontaktformular auf dieser Seite, um mir deine Anfrage zukommen zu lassen. Ich werde mich schnellstm\u00f6glich bei dir melden und deine W\u00fcnsche erf\u00fcllen. Vielen Dank, dass du Kiekebu w\u00e4hlst. Ich freue mich auf die Zusammenarbeit mit dir.<\/p>\n\n\n\n<p><\/p>\n\n\n\n<p style=\"font-size:18px\"><\/p>\n\n\n\n<p><\/p>\n\n\n\n<div class=\"wp-block-contact-form-7-contact-form-selector\"><div class=\"wpcf7 no-js\" id=\"wpcf7-f46-o1\" lang=\"de-DE\" dir=\"ltr\">\n<div class=\"screen-reader-response\"><p role=\"status\" aria-live=\"polite\" aria-atomic=\"true\"><\/p> <ul><\/ul><\/div>\n<form action=\"\/index.php?rest_route=%2Fwp%2Fv2%2Fpages%2F47#wpcf7-f46-o1\" method=\"post\" class=\"wpcf7-form init\" aria-label=\"Kontaktformular\" novalidate=\"novalidate\" data-status=\"init\">\n<div style=\"display: none;\">\n<input type=\"hidden\" name=\"_wpcf7\" value=\"46\" \/>\n<input type=\"hidden\" name=\"_wpcf7_version\" value=\"5.7.2\" \/>\n<input type=\"hidden\" name=\"_wpcf7_locale\" value=\"de_DE\" \/>\n<input type=\"hidden\" name=\"_wpcf7_unit_tag\" value=\"wpcf7-f46-o1\" \/>\n<input type=\"hidden\" name=\"_wpcf7_container_post\" value=\"0\" \/>\n<input type=\"hidden\" name=\"_wpcf7_posted_data_hash\" value=\"\" \/>\n<\/div>\n<p><label> Dein Name (Pflichtfeld)<br \/>\n<span class=\"wpcf7-form-control-wrap\" data-name=\"your-name\"><input size=\"40\" class=\"wpcf7-form-control wpcf7-text wpcf7-validates-as-required\" aria-required=\"true\" aria-invalid=\"false\" value=\"\" type=\"text\" name=\"your-name\" \/><\/span> <\/label>\n<\/p>\n<p><label> Deine E-Mail-Adresse (Pflichtfeld)<br \/>\n<span class=\"wpcf7-form-control-wrap\" data-name=\"your-email\"><input size=\"40\" class=\"wpcf7-form-control wpcf7-text wpcf7-email wpcf7-validates-as-required wpcf7-validates-as-email\" aria-required=\"true\" aria-invalid=\"false\" value=\"\" type=\"email\" name=\"your-email\" \/><\/span> <\/label>\n<\/p>\n<p><label> Betreff<br \/>\n<span class=\"wpcf7-form-control-wrap\" data-name=\"your-subject\"><input size=\"40\" class=\"wpcf7-form-control wpcf7-text\" aria-invalid=\"false\" value=\"\" type=\"text\" name=\"your-subject\" \/><\/span> <\/label>\n<\/p>\n<p><label> Deine Nachricht<br \/>\n<span class=\"wpcf7-form-control-wrap\" data-name=\"your-message\"><textarea cols=\"40\" rows=\"10\" class=\"wpcf7-form-control wpcf7-textarea\" aria-invalid=\"false\" name=\"your-message\"><\/textarea><\/span> <\/label>\n<\/p>\n<p><input class=\"wpcf7-form-control has-spinner wpcf7-submit\" type=\"submit\" value=\"Senden\" \/>\n<\/p><div class=\"wpcf7-response-output\" aria-hidden=\"true\"><\/div><\/form><\/div><\/div>\n\n\n\n<p><\/p>\n","protected":false},"excerpt":{"rendered":"<p>Ich freue mich, von dir zu h\u00f6ren und stehe dir gerne f\u00fcr Fragen, Anregungen oder Anpassungsw\u00fcnsche zur Verf\u00fcgung. Als Ma\u00dfschneiderin und Gr\u00fcnderin von Kiekebu lege ich gro\u00dfen Wert auf individuelle Beratung und m\u00f6chte sicherstellen, dass du mit deinem Kauf zufrieden bist und dein Baby oder Kind gl\u00fccklich ist. Verwende einfach das Kontaktformular auf dieser Seite, [&hellip;]<\/p>\n","protected":false},"author":1,"featured_media":0,"parent":0,"menu_order":0,"comment_status":"closed","ping_status":"closed","template":"template-fullwidth.php","meta":[],"_links":{"self":[{"href":"https:\/\/wild-wuchs.com\/index.php?rest_route=\/wp\/v2\/pages\/47"}],"collection":[{"href":"https:\/\/wild-wuchs.com\/index.php?rest_route=\/wp\/v2\/pages"}],"about":[{"href":"https:\/\/wild-wuchs.com\/index.php?rest_route=\/wp\/v2\/types\/page"}],"author":[{"embeddable":true,"href":"https:\/\/wild-wuchs.com\/index.php?rest_route=\/wp\/v2\/users\/1"}],"replies":[{"embeddable":true,"href":"https:\/\/wild-wuchs.com\/index.php?rest_route=%2Fwp%2Fv2%2Fcomments&post=47"}],"version-history":[{"count":12,"href":"https:\/\/wild-wuchs.com\/index.php?rest_route=\/wp\/v2\/pages\/47\/revisions"}],"predecessor-version":[{"id":194,"href":"https:\/\/wild-wuchs.com\/index.php?rest_route=\/wp\/v2\/pages\/47\/revisions\/194"}],"wp:attachment":[{"href":"https:\/\/wild-wuchs.com\/index.php?rest_route=%2Fwp%2Fv2%2Fmedia&parent=47"}],"curies":[{"name":"wp","href":"https:\/\/api.w.org\/{rel}","templated":true}]}}