{"id":2,"date":"2018-07-11T17:03:15","date_gmt":"2018-07-11T15:03:15","guid":{"rendered":"http:\/\/wild-wuchs.com\/?page_id=2"},"modified":"2023-01-19T08:38:19","modified_gmt":"2023-01-19T07:38:19","slug":"beispiel-seite","status":"publish","type":"page","link":"https:\/\/wild-wuchs.com\/?page_id=2","title":{"rendered":"\u00dcber Uns"},"content":{"rendered":"<div id=\"pl-2\" class=\"panel-layout\">\n<div id=\"pg-2-0\" class=\"panel-grid panel-no-style\" data-style=\"{&quot;background_image_attachment&quot;:false,&quot;background_display&quot;:&quot;tile&quot;,&quot;cell_alignment&quot;:&quot;flex-start&quot;}\">\n<div id=\"pgc-2-0-0\" class=\"panel-grid-cell panel-grid-cell-empty\" style=\"text-align: left;\" data-style=\"{&quot;background_image_attachment&quot;:false,&quot;background_display&quot;:&quot;tile&quot;,&quot;vertical_alignment&quot;:&quot;auto&quot;}\" data-weight=\"0.499582463466\">\u00a0<\/div>\n<\/div>\n<\/div>\n\n\n<div class=\"is-layout-flex wp-container-3 wp-block-columns\">\n<div class=\"is-layout-flow wp-block-column\" style=\"flex-basis:66.66%\">\n<p class=\"has-text-align-center\">Herzlich willkommen bei Kiekebu, meinem Label f\u00fcr handgefertigte und individuelle Produkte rund ums Baby und Kind. Ich bin Anna Kossmann, die Gr\u00fcnderin von Kiekebu und stolze Mutter von zwei wundervollen Kindern. Als Mutter wei\u00df ich, wie wichtig es ist, f\u00fcr unsere Kinder das Beste zu wollen. Aus diesem Grund habe ich mich dazu entschlossen, Kiekebu zu gr\u00fcnden und hochwertige Produkte aus biologisch angebauten und fairtrade Materialien anzubieten. Ich lege gro\u00dfen Wert auf Nachhaltigkeit und eine hohe Qualit\u00e4t, damit sowohl Sie als auch Ihr Kind lange Freude an den Produkten haben. Ob es sich um Kleidung, Spielzeug oder n\u00fctzliche Accessoires handelt, ich biete Ihnen die M\u00f6glichkeit, jedes Produkt ganz nach Ihren W\u00fcnschen und Bed\u00fcrfnissen anzupassen. So k\u00f6nnen Sie sicher sein, dass Sie ein einzigartiges und pers\u00f6nliches Produkt erhalten, das perfekt auf Ihr Baby oder Kind abgestimmt ist. Als Mutter und Ma\u00dfschneiderin bringe ich meine ganze Leidenschaft und Erfahrung in jedes einzelne meiner Produkte ein. Ich freue mich darauf, Ihnen und Ihrem Baby oder Kind mit Kiekebu Freude zu bereiten und bin jederzeit gerne f\u00fcr Sie da, um Ihre Fragen zu beantworten und Ihre W\u00fcnsche zu erf\u00fcllen. Kontaktieren Sie mich einfach und lassen Sie uns gemeinsam das perfekte Produkt f\u00fcr Ihr Kind kreieren.<\/p>\n<\/div>\n\n\n\n<div class=\"is-layout-flow wp-block-column\" style=\"flex-basis:33.33%\"><div class=\"wp-block-image\">\n<figure class=\"aligncenter size-large\"><img decoding=\"async\" loading=\"lazy\" width=\"1024\" height=\"1024\" src=\"https:\/\/wild-wuchs.com\/wp-content\/uploads\/2023\/01\/the-fabrics-should-not-have-patterns-just-one-color-each-717444275-1-1024x1024.png\" alt=\"\" class=\"wp-image-197\" srcset=\"https:\/\/wild-wuchs.com\/wp-content\/uploads\/2023\/01\/the-fabrics-should-not-have-patterns-just-one-color-each-717444275-1-1024x1024.png 1024w, https:\/\/wild-wuchs.com\/wp-content\/uploads\/2023\/01\/the-fabrics-should-not-have-patterns-just-one-color-each-717444275-1-300x300.png 300w, https:\/\/wild-wuchs.com\/wp-content\/uploads\/2023\/01\/the-fabrics-should-not-have-patterns-just-one-color-each-717444275-1-150x150.png 150w, https:\/\/wild-wuchs.com\/wp-content\/uploads\/2023\/01\/the-fabrics-should-not-have-patterns-just-one-color-each-717444275-1-768x768.png 768w, https:\/\/wild-wuchs.com\/wp-content\/uploads\/2023\/01\/the-fabrics-should-not-have-patterns-just-one-color-each-717444275-1-1536x1536.png 1536w, https:\/\/wild-wuchs.com\/wp-content\/uploads\/2023\/01\/the-fabrics-should-not-have-patterns-just-one-color-each-717444275-1-2048x2048.png 2048w, https:\/\/wild-wuchs.com\/wp-content\/uploads\/2023\/01\/the-fabrics-should-not-have-patterns-just-one-color-each-717444275-1-324x324.png 324w, https:\/\/wild-wuchs.com\/wp-content\/uploads\/2023\/01\/the-fabrics-should-not-have-patterns-just-one-color-each-717444275-1-416x416.png 416w, https:\/\/wild-wuchs.com\/wp-content\/uploads\/2023\/01\/the-fabrics-should-not-have-patterns-just-one-color-each-717444275-1-100x100.png 100w\" sizes=\"(max-width: 1024px) 100vw, 1024px\" \/><\/figure><\/div><\/div>\n<\/div>\n","protected":false},"excerpt":{"rendered":"<p>\u00a0 Herzlich willkommen bei Kiekebu, meinem Label f\u00fcr handgefertigte und individuelle Produkte rund ums Baby und Kind. Ich bin Anna Kossmann, die Gr\u00fcnderin von Kiekebu und stolze Mutter von zwei wundervollen Kindern. Als Mutter wei\u00df ich, wie wichtig es ist, f\u00fcr unsere Kinder das Beste zu wollen. Aus diesem Grund habe ich mich dazu entschlossen, [&hellip;]<\/p>\n","protected":false},"author":1,"featured_media":0,"parent":0,"menu_order":0,"comment_status":"closed","ping_status":"open","template":"template-fullwidth.php","meta":[],"_links":{"self":[{"href":"https:\/\/wild-wuchs.com\/index.php?rest_route=\/wp\/v2\/pages\/2"}],"collection":[{"href":"https:\/\/wild-wuchs.com\/index.php?rest_route=\/wp\/v2\/pages"}],"about":[{"href":"https:\/\/wild-wuchs.com\/index.php?rest_route=\/wp\/v2\/types\/page"}],"author":[{"embeddable":true,"href":"https:\/\/wild-wuchs.com\/index.php?rest_route=\/wp\/v2\/users\/1"}],"replies":[{"embeddable":true,"href":"https:\/\/wild-wuchs.com\/index.php?rest_route=%2Fwp%2Fv2%2Fcomments&post=2"}],"version-history":[{"count":49,"href":"https:\/\/wild-wuchs.com\/index.php?rest_route=\/wp\/v2\/pages\/2\/revisions"}],"predecessor-version":[{"id":201,"href":"https:\/\/wild-wuchs.com\/index.php?rest_route=\/wp\/v2\/pages\/2\/revisions\/201"}],"wp:attachment":[{"href":"https:\/\/wild-wuchs.com\/index.php?rest_route=%2Fwp%2Fv2%2Fmedia&parent=2"}],"curies":[{"name":"wp","href":"https:\/\/api.w.org\/{rel}","templated":true}]}}